{"id":3147,"date":"2023-12-13T15:04:44","date_gmt":"2023-12-13T15:04:44","guid":{"rendered":"https:\/\/www.aqassociats.com\/derecho-fiscal-y-tributario-tarragona\/"},"modified":"2023-12-27T15:51:03","modified_gmt":"2023-12-27T15:51:03","slug":"dret-fiscal-tributari-tarragona","status":"publish","type":"page","link":"https:\/\/www.aqassociats.com\/ca\/dret-fiscal-tributari-tarragona\/","title":{"rendered":"Dret Fiscal I Tributari Tarragona"},"content":{"rendered":"<div class=\"gb-container gb-container-8c584ce6 alignfull\">\n<div class=\"gb-container gb-container-ffff59c3 alignfull\">\n<div class=\"gb-container gb-container-6af89834\">\n<div class=\"gb-container gb-container-c739c22b\">\n\n<h1 class=\"gb-headline gb-headline-6f732ffe gb-headline-text\">Dret Fiscal I Tributari<\/h1>\n\n\n\n<h3 class=\"gb-headline gb-headline-89fdb53a gb-headline-text\">Treballem Amb Especialistes En Dret Fiscal I Tributari.<\/h3>\n\n<\/div>\n<\/div>\n<\/div>\n\n<div class=\"gb-container gb-container-b37676d2 alignfull\"><div class=\"gb-shapes\"><div class=\"gb-shape gb-shape-1\"><svg xmlns=\"http:\/\/www.w3.org\/2000\/svg\" viewBox=\"0 0 1200 96.2\" preserveAspectRatio=\"none\"><path d=\"M0 96.2h1200V72.9l-50-8.9c-50-8.6-150-26.9-250-22.2C800 46.2 700 72.9 600 64 500 55.4 400 10.4 300 1.8 200-7.1 100 19.5 50 32.9L0 46.2v50z\"\/><\/svg><\/div><\/div><\/div>\n<\/div>\n\n<div class=\"gb-container gb-container-85c89bd5 alignfull\">\n<div class=\"gb-container gb-container-aee54e41 con-sombra\">\n<div class=\"gb-container gb-container-6ca752aa\">\n\n<h4 class=\"gb-headline gb-headline-53233883 gb-headline-text\">Experts En Assessorament Fiscal A Tarragona<\/h4>\n\n\n\n<div style=\"height:30px\" aria-hidden=\"true\" class=\"wp-block-spacer\"><\/div>\n\n\n\n<p class=\"gb-headline gb-headline-6cb5a352\"><span class=\"gb-icon\"><svg aria-hidden=\"true\" role=\"img\" height=\"1em\" width=\"1em\" viewBox=\"0 0 512 512\" xmlns=\"http:\/\/www.w3.org\/2000\/svg\"><path fill=\"currentColor\" d=\"M504 256c0 136.967-111.033 248-248 248S8 392.967 8 256 119.033 8 256 8s248 111.033 248 248zM227.314 387.314l184-184c6.248-6.248 6.248-16.379 0-22.627l-22.627-22.627c-6.248-6.249-16.379-6.249-22.628 0L216 308.118l-70.059-70.059c-6.248-6.248-16.379-6.248-22.628 0l-22.627 22.627c-6.248 6.248-6.248 16.379 0 22.627l104 104c6.249 6.249 16.379 6.249 22.628.001z\"><\/path><\/svg><\/span><span class=\"gb-headline-text\">Liquidaci\u00f3 i presentaci\u00f3 d&#8217;impostos davant la AEAT i la ATC<\/span><\/p>\n\n\n\n<p class=\"gb-headline gb-headline-52a80383\"><span class=\"gb-icon\"><svg aria-hidden=\"true\" role=\"img\" height=\"1em\" width=\"1em\" viewBox=\"0 0 512 512\" xmlns=\"http:\/\/www.w3.org\/2000\/svg\"><path fill=\"currentColor\" d=\"M504 256c0 136.967-111.033 248-248 248S8 392.967 8 256 119.033 8 256 8s248 111.033 248 248zM227.314 387.314l184-184c6.248-6.248 6.248-16.379 0-22.627l-22.627-22.627c-6.248-6.249-16.379-6.249-22.628 0L216 308.118l-70.059-70.059c-6.248-6.248-16.379-6.248-22.628 0l-22.627 22.627c-6.248 6.248-6.248 16.379 0 22.627l104 104c6.249 6.249 16.379 6.249 22.628.001z\"><\/path><\/svg><\/span><span class=\"gb-headline-text\">Liquidaci\u00f3, presentaci\u00f3 i pagament d&#8217;impostos municipals: IVTM, Plusv\u00e0lues\u2026<\/span><\/p>\n\n\n\n<p class=\"gb-headline gb-headline-cd94034c\"><span class=\"gb-icon\"><svg aria-hidden=\"true\" role=\"img\" height=\"1em\" width=\"1em\" viewBox=\"0 0 512 512\" xmlns=\"http:\/\/www.w3.org\/2000\/svg\"><path fill=\"currentColor\" d=\"M504 256c0 136.967-111.033 248-248 248S8 392.967 8 256 119.033 8 256 8s248 111.033 248 248zM227.314 387.314l184-184c6.248-6.248 6.248-16.379 0-22.627l-22.627-22.627c-6.248-6.249-16.379-6.249-22.628 0L216 308.118l-70.059-70.059c-6.248-6.248-16.379-6.248-22.628 0l-22.627 22.627c-6.248 6.248-6.248 16.379 0 22.627l104 104c6.249 6.249 16.379 6.249 22.628.001z\"><\/path><\/svg><\/span><span class=\"gb-headline-text\">Tramitaci\u00f3 i presentaci\u00f3 de fraccionaments i ajornaments davant la AEAT i la ATC<\/span><\/p>\n\n\n\n<p class=\"gb-headline gb-headline-87170b54\"><span class=\"gb-icon\"><svg aria-hidden=\"true\" role=\"img\" height=\"1em\" width=\"1em\" viewBox=\"0 0 512 512\" xmlns=\"http:\/\/www.w3.org\/2000\/svg\"><path fill=\"currentColor\" d=\"M504 256c0 136.967-111.033 248-248 248S8 392.967 8 256 119.033 8 256 8s248 111.033 248 248zM227.314 387.314l184-184c6.248-6.248 6.248-16.379 0-22.627l-22.627-22.627c-6.248-6.249-16.379-6.249-22.628 0L216 308.118l-70.059-70.059c-6.248-6.248-16.379-6.248-22.628 0l-22.627 22.627c-6.248 6.248-6.248 16.379 0 22.627l104 104c6.249 6.249 16.379 6.249 22.628.001z\"><\/path><\/svg><\/span><span class=\"gb-headline-text\">Estudi, confecci\u00f3 i presentaci\u00f3 de l&#8217;IRPF &#8211; Renda.<\/span><\/p>\n\n\n\n<p class=\"gb-headline gb-headline-ce15e80f\"><span class=\"gb-icon\"><svg aria-hidden=\"true\" role=\"img\" height=\"1em\" width=\"1em\" viewBox=\"0 0 512 512\" xmlns=\"http:\/\/www.w3.org\/2000\/svg\"><path fill=\"currentColor\" d=\"M504 256c0 136.967-111.033 248-248 248S8 392.967 8 256 119.033 8 256 8s248 111.033 248 248zM227.314 387.314l184-184c6.248-6.248 6.248-16.379 0-22.627l-22.627-22.627c-6.248-6.249-16.379-6.249-22.628 0L216 308.118l-70.059-70.059c-6.248-6.248-16.379-6.248-22.628 0l-22.627 22.627c-6.248 6.248-6.248 16.379 0 22.627l104 104c6.249 6.249 16.379 6.249 22.628.001z\"><\/path><\/svg><\/span><span class=\"gb-headline-text\">Confecci\u00f3 i presentaci\u00f3 d&#8217;IRNR &#8211; Renda no residents<\/span><\/p>\n\n\n\n<p class=\"gb-headline gb-headline-3eab83b4\"><span class=\"gb-icon\"><svg aria-hidden=\"true\" role=\"img\" height=\"1em\" width=\"1em\" viewBox=\"0 0 512 512\" xmlns=\"http:\/\/www.w3.org\/2000\/svg\"><path fill=\"currentColor\" d=\"M504 256c0 136.967-111.033 248-248 248S8 392.967 8 256 119.033 8 256 8s248 111.033 248 248zM227.314 387.314l184-184c6.248-6.248 6.248-16.379 0-22.627l-22.627-22.627c-6.248-6.249-16.379-6.249-22.628 0L216 308.118l-70.059-70.059c-6.248-6.248-16.379-6.248-22.628 0l-22.627 22.627c-6.248 6.248-6.248 16.379 0 22.627l104 104c6.249 6.249 16.379 6.249 22.628.001z\"><\/path><\/svg><\/span><span class=\"gb-headline-text\">Atenci\u00f3 de requeriments i procediments inspectors de la AEAT<\/span><\/p>\n\n\n\n<p class=\"gb-headline gb-headline-08072a5f\"><span class=\"gb-icon\"><svg aria-hidden=\"true\" role=\"img\" height=\"1em\" width=\"1em\" viewBox=\"0 0 512 512\" xmlns=\"http:\/\/www.w3.org\/2000\/svg\"><path fill=\"currentColor\" d=\"M504 256c0 136.967-111.033 248-248 248S8 392.967 8 256 119.033 8 256 8s248 111.033 248 248zM227.314 387.314l184-184c6.248-6.248 6.248-16.379 0-22.627l-22.627-22.627c-6.248-6.249-16.379-6.249-22.628 0L216 308.118l-70.059-70.059c-6.248-6.248-16.379-6.248-22.628 0l-22.627 22.627c-6.248 6.248-6.248 16.379 0 22.627l104 104c6.249 6.249 16.379 6.249 22.628.001z\"><\/path><\/svg><\/span><span class=\"gb-headline-text\">Expedients de comprovaci\u00f3 de valors. Taxaci\u00f3 pericial contradict\u00f2ria.<\/span><\/p>\n\n<\/div>\n\n\n<div style=\"height:100px\" aria-hidden=\"true\" class=\"wp-block-spacer\"><\/div>\n\n<\/div>\n\n<div class=\"gb-container gb-container-c1705248\">\n<div class=\"gb-container gb-container-bca7b3c9 con-sombra formulario\">\n\n<\/div>\n\n<div class=\"gb-container gb-container-debf93fe\">\n\n<p class=\"gb-headline gb-headline-a3491904 gb-headline-text\">Truca&#8217;ns, Escriu-Nos O Truca A La Porta<\/p>\n\n\n\n<h2 class=\"gb-headline gb-headline-e1d6eaf9 gb-headline-text\">Tens Algun Dubte Sobre Impostos O Normativa Tribut\u00e0ria?<\/h2>\n\n\n\n<p class=\"gb-headline gb-headline-09c6ba5e gb-headline-text\">Deixeu les vostres dades i ens posarem en contacte tan aviat com ens sigui possible.<\/p>\n\n\n\n<p class=\"gb-headline gb-headline-7296bf3b gb-headline-text\">Dilluns A Divendres: 9AM &#8211; 5PM<\/p>\n\n\n\n<p class=\"gb-headline gb-headline-2b75bb5c gb-headline-text\">Tel: <a href=\"tel:877053370\">877 053 370<\/a><\/p>\n\n\n\n<p class=\"gb-headline gb-headline-f01ff486 gb-headline-text\"><a href=\"mailto:info@aqassociats.com\">info@aqassociats.com<\/a><\/p>\n\n<\/div>\n<\/div>\n\n\n<div style=\"height:100px\" aria-hidden=\"true\" class=\"wp-block-spacer\"><\/div>\n\n\n<div class=\"gb-container gb-container-97141e9c\">\n<div class=\"gb-container gb-container-908faefe\">\n\n<h3 class=\"gb-headline gb-headline-538c02b9 gb-headline-text\">Solucionem Problemes Reals<\/h3>\n\n\n\n<h2 class=\"gb-headline gb-headline-7c00bef1 gb-headline-text\">Com Et Podem Ajudar?<\/h2>\n\n\n\n<div style=\"height:70px\" aria-hidden=\"true\" class=\"wp-block-spacer\"><\/div>\n\n<\/div>\n\n<div class=\"gb-container gb-container-e3bf5fdf\">\n<div class=\"gb-container gb-container-b822d0af con-sombra caja-cta\">\n\n<svg xmlns=\"http:\/\/www.w3.org\/2000\/svg\" height=\"60\" width=\"60\" viewBox=\"0 0 512 512\"><!--!Font Awesome Free 6.5.1 by @fontawesome - https:\/\/fontawesome.com License - https:\/\/fontawesome.com\/license\/free Copyright 2023 Fonticons, Inc.--><path d=\"M500 176h-59.9l-16.6-41.6C406.4 91.6 365.6 64 319.5 64h-127c-46.1 0-86.9 27.6-104 70.4L71.9 176H12C4.2 176-1.5 183.3 .4 190.9l6 24C7.7 220.3 12.5 224 18 224h20.1C24.7 235.7 16 252.8 16 272v48c0 16.1 6.2 30.7 16 41.9V416c0 17.7 14.3 32 32 32h32c17.7 0 32-14.3 32-32v-32h256v32c0 17.7 14.3 32 32 32h32c17.7 0 32-14.3 32-32v-54.1c9.8-11.3 16-25.8 16-41.9v-48c0-19.2-8.7-36.3-22.1-48H494c5.5 0 10.3-3.8 11.6-9.1l6-24c1.9-7.6-3.8-14.9-11.7-14.9zm-352.1-17.8c7.3-18.2 24.9-30.2 44.6-30.2h127c19.6 0 37.3 12 44.6 30.2L384 208H128l19.9-49.8zM96 319.8c-19.2 0-32-12.8-32-31.9S76.8 256 96 256s48 28.7 48 47.9-28.8 16-48 16zm320 0c-19.2 0-48 3.2-48-16S396.8 256 416 256s32 12.8 32 31.9-12.8 31.9-32 31.9z\"\/><\/svg>\n\n\n\n<h3 class=\"gb-headline gb-headline-901cf51b gb-headline-text\">Vehicles<\/h3>\n\n\n\n<p class=\"gb-headline gb-headline-a51f3923 gb-headline-text\">Tr\u00e0mits vehicles i conductors<\/p>\n\n\n\n<p class=\"gb-headline gb-headline-3d7c1eb4 icono-derecha\"><span class=\"gb-icon\"><svg aria-hidden=\"true\" role=\"img\" height=\"1em\" width=\"1em\" viewBox=\"0 0 256 512\" xmlns=\"http:\/\/www.w3.org\/2000\/svg\"><path fill=\"currentColor\" d=\"M224.3 273l-136 136c-9.4 9.4-24.6 9.4-33.9 0l-22.6-22.6c-9.4-9.4-9.4-24.6 0-33.9l96.4-96.4-96.4-96.4c-9.4-9.4-9.4-24.6 0-33.9L54.3 103c9.4-9.4 24.6-9.4 33.9 0l136 136c9.5 9.4 9.5 24.6.1 34z\"><\/path><\/svg><\/span><span class=\"gb-headline-text\"><a href=\"https:\/\/www.aqassociats.com\/ca\/tramits-transit-tarragona\/\" data-type=\"page\" data-id=\"3155\">Saber M\u00e9s <\/a><\/span><\/p>\n\n<\/div>\n\n<div class=\"gb-container gb-container-37e1c73b con-sombra caja-cta\">\n\n<svg xmlns=\"http:\/\/www.w3.org\/2000\/svg\" id=\"b100d072-5c26-428c-aa94-fe2a7fbab69d\" data-name=\"Layer 1\" width=\"75\" height=\"66\" viewBox=\"0 0 75 66\"><path id=\"e8462590-5a8a-492b-9bee-67fe2f65f983\" data-name=\"Fill-1-Copy-6\" d=\"M53.3653,19.386c-9.8693,32.2855,6.1235,31.8329-7.1389,41.2306A29.1943,29.1943,0,0,1,5.3387,53.4179a29.7533,29.7533,0,0,1,7.1385-41.23C25.74,2.79,63.2345-12.8994,53.3653,19.386\" style=\"fill-rule:evenodd;opacity:0.05\"><\/path><path d=\"M36.3831,33.079a.97.97,0,0,0-1.0894.2261L32,36.7484l-3.2929-3.4433a.9746.9746,0,0,0-1.0894-.2261A1.0466,1.0466,0,0,0,27,34.0443v20.91A1.0224,1.0224,0,0,0,28,56h8a1.0224,1.0224,0,0,0,1-1.0454v-20.91A1.0459,1.0459,0,0,0,36.3831,33.079Zm-1.3823,20.83H29V36.5682l2.2929,2.3979a.9709.9709,0,0,0,1.415,0l2.2929-2.3979Z\" style=\"fill-rule:evenodd\"><\/path><path d=\"M45.7079,24.3128a.9566.9566,0,0,0-1.415,0l-4,4.2664A1.1022,1.1022,0,0,0,40,29.3334v25.6A1.0339,1.0339,0,0,0,41,56h8a1.0339,1.0339,0,0,0,1-1.0666v-25.6a1.099,1.099,0,0,0-.2929-.7542Zm2.2929,29.554H42V29.7752l3-3.2006,3.0008,3.2006Z\" style=\"fill-rule:evenodd\"><\/path><path d=\"M57.7079,20.3013a.9814.9814,0,0,0-1.415,0l-4,4.1182A1.0435,1.0435,0,0,0,52,25.1473V53.9706A1.0139,1.0139,0,0,0,53,55h8a1.0139,1.0139,0,0,0,1-1.0294V25.1473a1.04,1.04,0,0,0-.2929-.7278Zm2.2929,32.64H54V25.5737l3-3.0888,3.0008,3.0888Z\" style=\"fill-rule:evenodd\"><\/path><path d=\"M72.7071,16.3083A.9729.9729,0,0,0,72.0008,16H70a.9758.9758,0,0,0-.7071.3083l-4,4.21A1.08,1.08,0,0,0,65,21.2628V54.9474A1.0262,1.0262,0,0,0,66,56h8a1.0262,1.0262,0,0,0,1-1.0526v-35.79a1.0765,1.0765,0,0,0-.2929-.7442Zm.2937,37.5866H67V21.6988l3.4142-3.5937h1.1724l1.4142,1.4886Z\" style=\"fill-rule:evenodd\"><\/path><path d=\"M74,5H68a1,1,0,0,0-.7071,1.7069l2.3581,2.3579a1,1,0,0,0-.3974.2406l-8.4859,8.6538-3.3692-3.4359a1.0093,1.0093,0,0,0-1.4478,0l-7.462,7.61L45.1194,18.697a1.0091,1.0091,0,0,0-1.4478,0L32.1161,30.481l-3.3692-3.4359a1.0074,1.0074,0,0,0-1.4462,0,1.0557,1.0557,0,0,0,0,1.4757l4.0919,4.1736a1.01,1.01,0,0,0,1.4478,0L44.3951,20.91l3.37,3.4359a1.0083,1.0083,0,0,0,1.447,0l7.462-7.61,3.37,3.4358a1.01,1.01,0,0,0,1.447,0l9.2094-9.3915a1.0231,1.0231,0,0,0,.24-.4266l2.3521,2.352A1.0018,1.0018,0,0,0,74,13a1.0188,1.0188,0,0,0,.3831-.0766A1.0021,1.0021,0,0,0,75,11.9993V6A.999.999,0,0,0,74,5ZM73,9.5853,70.4141,7H73Z\" style=\"fill-rule:evenodd\"><\/path><\/svg>\n\n\n\n<h3 class=\"gb-headline gb-headline-cd600daa gb-headline-text\">Dret Fiscal I Tributari<\/h3>\n\n\n\n<p class=\"gb-headline gb-headline-a608639c gb-headline-text\">Treballem amb especialistes en dret fiscal i tributari.<\/p>\n\n\n\n<p class=\"gb-headline gb-headline-fdd1978e icono-derecha\"><span class=\"gb-icon\"><svg aria-hidden=\"true\" role=\"img\" height=\"1em\" width=\"1em\" viewBox=\"0 0 256 512\" xmlns=\"http:\/\/www.w3.org\/2000\/svg\"><path fill=\"currentColor\" d=\"M224.3 273l-136 136c-9.4 9.4-24.6 9.4-33.9 0l-22.6-22.6c-9.4-9.4-9.4-24.6 0-33.9l96.4-96.4-96.4-96.4c-9.4-9.4-9.4-24.6 0-33.9L54.3 103c9.4-9.4 24.6-9.4 33.9 0l136 136c9.5 9.4 9.5 24.6.1 34z\"><\/path><\/svg><\/span><span class=\"gb-headline-text\"><a href=\"https:\/\/www.aqassociats.com\/ca\/dret-fiscal-tributari-tarragona\/\" data-type=\"page\" data-id=\"3147\">Saber M\u00e9s <\/a><\/span><\/p>\n\n<\/div>\n\n<div class=\"gb-container gb-container-0df8f1a0 con-sombra caja-cta\">\n\n<svg xmlns=\"http:\/\/www.w3.org\/2000\/svg\" id=\"b6dcefca-0c8c-418c-b77f-efb4dc1647b0\" data-name=\"Layer 1\" width=\"75.3081\" height=\"66\" viewBox=\"0 0 75.3081 66\"><path id=\"b44b666d-68b2-4ca8-9bee-286f74bdea55\" data-name=\"Fill-1-Copy-9\" d=\"M53.3653,19.386c-9.8693,32.2855,6.1235,31.8329-7.1389,41.2306A29.1943,29.1943,0,0,1,5.3387,53.4179a29.7533,29.7533,0,0,1,7.1385-41.23C25.74,2.79,63.2345-12.8994,53.3653,19.386\" style=\"fill-rule:evenodd;opacity:0.05\"><\/path><path d=\"M36.1794,46.4411a1.0435,1.0435,0,0,0,.4161-2.0025,15.7286,15.7286,0,1,1,15.0229-1.3817,1.0409,1.0409,0,0,0-.2838,1.45,1.0538,1.0538,0,0,0,1.4567.2825,17.844,17.844,0,1,0-17.028,1.5658A1.0509,1.0509,0,0,0,36.1794,46.4411Z\" style=\"fill-rule:evenodd\"><\/path><path d=\"M74.29,28.3412H64.1086a1.0177,1.0177,0,0,0-.72,1.7379l4.2843,4.2844L53.2659,49.153l-7.5827-7.7842a1.0208,1.0208,0,0,0-1.4712,0L31.7346,54.178a1.0879,1.0879,0,0,0,0,1.51,1.0217,1.0217,0,0,0,1.4711,0L44.9472,43.6321l7.5843,7.7851a1.0188,1.0188,0,0,0,1.4695,0L69.1624,35.8528,73.57,40.2606a1.0206,1.0206,0,0,0,.72.2981.9981.9981,0,0,0,.3892-.078,1.0179,1.0179,0,0,0,.6289-.94V29.3593A1.0175,1.0175,0,0,0,74.29,28.3412Zm-1.018,8.7416-6.7056-6.7055H73.272Z\" style=\"fill-rule:evenodd\"><\/path><path d=\"M43,39a1.0284,1.0284,0,0,0,1-1.0555V36.9131a4.5186,4.5186,0,0,0,4-4.1977c0-2.0089-1.311-3.3611-4-4.0707V24.2758A2.4323,2.4323,0,0,1,46.0043,26.17a1.0361,1.0361,0,0,0,1.08.9765,1.0525,1.0525,0,0,0,.9121-1.1586A4.5182,4.5182,0,0,0,44,22.084V21.0563a1.0015,1.0015,0,1,0-2,0v1.0306a4.5188,4.5188,0,0,0-4,4.1986c0,2.0072,1.3114,3.36,4,4.07V34.724a2.4342,2.4342,0,0,1-2.0043-1.8949,1.0323,1.0323,0,0,0-1.0788-.9773A1.052,1.052,0,0,0,38.004,33.01,4.52,4.52,0,0,0,42,36.916v1.0285A1.0284,1.0284,0,0,0,43,39Zm3-6.2846c0,.91-.85,1.7022-2,2.0051V30.8419C45.3506,31.2539,46,31.8578,46,32.7154Zm-6-6.43c0-.911.85-1.703,1.9995-2.0059v3.8775C40.65,27.7447,40.0005,27.1412,40.0005,26.2855Z\" style=\"fill-rule:evenodd\"><\/path><\/svg>\n\n\n\n<h3 class=\"gb-headline gb-headline-13c91c74 gb-headline-text\">Dret Mercantil<\/h3>\n\n\n\n<p class=\"gb-headline gb-headline-b2b8dd4f gb-headline-text\">Assessorament en temes mercantils.<\/p>\n\n\n\n<p class=\"gb-headline gb-headline-8ef35577 icono-derecha\"><span class=\"gb-icon\"><svg aria-hidden=\"true\" role=\"img\" height=\"1em\" width=\"1em\" viewBox=\"0 0 256 512\" xmlns=\"http:\/\/www.w3.org\/2000\/svg\"><path fill=\"currentColor\" d=\"M224.3 273l-136 136c-9.4 9.4-24.6 9.4-33.9 0l-22.6-22.6c-9.4-9.4-9.4-24.6 0-33.9l96.4-96.4-96.4-96.4c-9.4-9.4-9.4-24.6 0-33.9L54.3 103c9.4-9.4 24.6-9.4 33.9 0l136 136c9.5 9.4 9.5 24.6.1 34z\"><\/path><\/svg><\/span><span class=\"gb-headline-text\"><a href=\"https:\/\/www.aqassociats.com\/ca\/dret-mercantil-tarragona\/\" data-type=\"page\" data-id=\"3151\">Saber M\u00e9s <\/a><\/span><\/p>\n\n<\/div>\n\n\n<div style=\"height:50px\" aria-hidden=\"true\" class=\"wp-block-spacer\"><\/div>\n\n<\/div>\n<\/div>\n\n<div class=\"gb-container gb-container-c395a8e7\">\n\n<a class=\"gb-button gb-button-92ff0e03\" href=\"https:\/\/www.aqassociats.com\/ca\/serveis-gestoria-tarragona\/\"><span class=\"gb-button-text\">Altres serveis <\/span><span class=\"gb-icon\"><svg aria-hidden=\"true\" role=\"img\" height=\"1em\" width=\"1em\" viewBox=\"0 0 256 512\" xmlns=\"http:\/\/www.w3.org\/2000\/svg\"><path fill=\"currentColor\" d=\"M224.3 273l-136 136c-9.4 9.4-24.6 9.4-33.9 0l-22.6-22.6c-9.4-9.4-9.4-24.6 0-33.9l96.4-96.4-96.4-96.4c-9.4-9.4-9.4-24.6 0-33.9L54.3 103c9.4-9.4 24.6-9.4 33.9 0l136 136c9.5 9.4 9.5 24.6.1 34z\"><\/path><\/svg><\/span><\/a>\n\n<\/div>\n<\/div>\n\n\n<div style=\"height:100px\" aria-hidden=\"true\" class=\"wp-block-spacer\"><\/div>\n\n\n<div class=\"gb-container gb-container-7c32ac0d alignfull\">\n<div class=\"gb-container gb-container-1d24d1fd alignfull\">\n<div class=\"gb-container gb-container-7dcd177e alignfull\"><div class=\"gb-shapes\"><div class=\"gb-shape gb-shape-1\"><svg xmlns=\"http:\/\/www.w3.org\/2000\/svg\" viewBox=\"0 0 1200 96.2\" preserveAspectRatio=\"none\"><path d=\"M0 96.2h1200V72.9l-50-8.9c-50-8.6-150-26.9-250-22.2C800 46.2 700 72.9 600 64 500 55.4 400 10.4 300 1.8 200-7.1 100 19.5 50 32.9L0 46.2v50z\"\/><\/svg><\/div><\/div><\/div>\n\n<div class=\"gb-container gb-container-2b840493\">\n<div class=\"gb-container gb-container-c822d45a\">\n\n<h1 class=\"gb-headline gb-headline-30f6971e gb-headline-text\">Necessites Un Assessor Fiscal A Tarragona?<\/h1>\n\n\n\n<h3 class=\"gb-headline gb-headline-543849a8 gb-headline-text\">No Ho Dubtis M\u00e9s I Contacta Amb Nosaltres<\/h3>\n\n\n\n<a class=\"gb-button gb-button-f1b18d91\" href=\"https:\/\/www.aqassociats.com\/ca\/contacta\/\"><span class=\"gb-button-text\">Contacta<\/span><span class=\"gb-icon\"><svg aria-hidden=\"true\" role=\"img\" height=\"1em\" width=\"1em\" viewBox=\"0 0 256 512\" xmlns=\"http:\/\/www.w3.org\/2000\/svg\"><path fill=\"currentColor\" d=\"M224.3 273l-136 136c-9.4 9.4-24.6 9.4-33.9 0l-22.6-22.6c-9.4-9.4-9.4-24.6 0-33.9l96.4-96.4-96.4-96.4c-9.4-9.4-9.4-24.6 0-33.9L54.3 103c9.4-9.4 24.6-9.4 33.9 0l136 136c9.5 9.4 9.5 24.6.1 34z\"><\/path><\/svg><\/span><\/a>\n\n<\/div>\n\n<div class=\"gb-container gb-container-bd5a1d4c\">\n\n<figure class=\"gb-block-image gb-block-image-4ba22f1c\"><img decoding=\"async\" width=\"539\" height=\"539\" class=\"gb-image gb-image-4ba22f1c lazyload\" data-src=\"https:\/\/www.aqassociats.com\/wp-content\/uploads\/2022\/10\/logo-wall.jpg\" alt=\"\" title=\"Logo AQ Associats Wall\" data-srcset=\"https:\/\/www.aqassociats.com\/wp-content\/uploads\/2022\/10\/logo-wall.jpg 539w, https:\/\/www.aqassociats.com\/wp-content\/uploads\/2022\/10\/logo-wall-300x300.jpg 300w, https:\/\/www.aqassociats.com\/wp-content\/uploads\/2022\/10\/logo-wall-150x150.jpg 150w, https:\/\/www.aqassociats.com\/wp-content\/uploads\/2022\/10\/logo-wall-12x12.jpg 12w\" data-sizes=\"(max-width: 539px) 100vw, 539px\" src=\"data:image\/svg+xml;base64,PHN2ZyB3aWR0aD0iMSIgaGVpZ2h0PSIxIiB4bWxucz0iaHR0cDovL3d3dy53My5vcmcvMjAwMC9zdmciPjwvc3ZnPg==\" style=\"--smush-placeholder-width: 539px; --smush-placeholder-aspect-ratio: 539\/539;\" \/><\/figure>\n\n<\/div>\n<\/div>\n<\/div>\n<\/div>","protected":false},"excerpt":{"rendered":"<p>Dret Fiscal I Tributari Treballem Amb Especialistes En Dret Fiscal I Tributari. Experts En Assessorament Fiscal A Tarragona Liquidaci\u00f3 i presentaci\u00f3 d&#8217;impostos davant la AEAT i la ATC Liquidaci\u00f3, presentaci\u00f3 i pagament d&#8217;impostos municipals: IVTM, Plusv\u00e0lues\u2026 Tramitaci\u00f3 i presentaci\u00f3 de fraccionaments i ajornaments davant la AEAT i la ATC Estudi, confecci\u00f3 i presentaci\u00f3 de l&#8217;IRPF &#8230; <a title=\"Dret Fiscal I Tributari Tarragona\" class=\"read-more\" href=\"https:\/\/www.aqassociats.com\/ca\/dret-fiscal-tributari-tarragona\/\" aria-label=\"M\u00e9s informaci\u00f3 sobre Dret Fiscal I Tributari Tarragona\">Read more<\/a><\/p>\n","protected":false},"author":5,"featured_media":0,"parent":0,"menu_order":0,"comment_status":"closed","ping_status":"closed","template":"","meta":{"footnotes":""},"class_list":["post-3147","page","type-page","status-publish"],"_links":{"self":[{"href":"https:\/\/www.aqassociats.com\/ca\/wp-json\/wp\/v2\/pages\/3147","targetHints":{"allow":["GET"]}}],"collection":[{"href":"https:\/\/www.aqassociats.com\/ca\/wp-json\/wp\/v2\/pages"}],"about":[{"href":"https:\/\/www.aqassociats.com\/ca\/wp-json\/wp\/v2\/types\/page"}],"author":[{"embeddable":true,"href":"https:\/\/www.aqassociats.com\/ca\/wp-json\/wp\/v2\/users\/5"}],"replies":[{"embeddable":true,"href":"https:\/\/www.aqassociats.com\/ca\/wp-json\/wp\/v2\/comments?post=3147"}],"version-history":[{"count":0,"href":"https:\/\/www.aqassociats.com\/ca\/wp-json\/wp\/v2\/pages\/3147\/revisions"}],"wp:attachment":[{"href":"https:\/\/www.aqassociats.com\/ca\/wp-json\/wp\/v2\/media?parent=3147"}],"curies":[{"name":"wp","href":"https:\/\/api.w.org\/{rel}","templated":true}]}}