{"id":3166,"date":"2022-10-17T12:11:15","date_gmt":"2022-10-17T12:11:15","guid":{"rendered":"https:\/\/www.aqassociats.com\/aviso-legal\/"},"modified":"2023-12-23T11:14:18","modified_gmt":"2023-12-23T11:14:18","slug":"avis-legal","status":"publish","type":"page","link":"https:\/\/www.aqassociats.com\/ca\/avis-legal\/","title":{"rendered":"Av\u00eds Legal"},"content":{"rendered":"<div class=\"gb-container gb-container-8c584ce6 alignfull\">\n<div class=\"gb-container gb-container-ffff59c3 alignfull\">\n<div class=\"gb-container gb-container-6af89834\">\n<div class=\"gb-container gb-container-c739c22b\">\n\n<h1 class=\"gb-headline gb-headline-6f732ffe gb-headline-text\">Av\u00eds Legal<\/h1>\n\n\n\n<h3 class=\"gb-headline gb-headline-89fdb53a gb-headline-text\">Informaci\u00f3n Actualizada y de calidad<\/h3>\n\n<\/div>\n<\/div>\n<\/div>\n\n<div class=\"gb-container gb-container-b37676d2 alignfull\"><div class=\"gb-shapes\"><div class=\"gb-shape gb-shape-1\"><svg xmlns=\"http:\/\/www.w3.org\/2000\/svg\" viewBox=\"0 0 1200 96.2\" preserveAspectRatio=\"none\"><path d=\"M0 96.2h1200V72.9l-50-8.9c-50-8.6-150-26.9-250-22.2C800 46.2 700 72.9 600 64 500 55.4 400 10.4 300 1.8 200-7.1 100 19.5 50 32.9L0 46.2v50z\"\/><\/svg><\/div><\/div><\/div>\n<\/div>\n\n<div class=\"gb-container gb-container-85c89bd5 alignfull\">\n<div class=\"gb-container gb-container-06601563\">\n<div class=\"gb-container gb-container-4af5603b\">\n\n<h2 class=\"gb-headline gb-headline-7a9f4ba0 gb-headline-text\">1. Datos de la Empresa<\/h2>\n\n\n\n<p class=\"gb-headline gb-headline-2a6e8305 gb-headline-text\"><strong>www.aqassociats.com<\/strong>&nbsp;es un producto de<strong>&nbsp;Gestor\u00eda Administrativa AQ associats<\/strong>.<\/p>\n\n\n\n<p class=\"gb-headline gb-headline-5607c552 gb-headline-text\">En cumplimiento del art\u00edculo 10 de la Ley 34\/2002, de 11 de julio, de Servicios de la Sociedad de la Informaci\u00f3n y Comercio Electr\u00f3nico (LSSI), a continuaci\u00f3n se exponen los datos identificativos del responsable del presente sitio web:<\/p>\n\n\n\n<p class=\"gb-headline gb-headline-37fb72db gb-headline-text\">Nombre del sitio web:&nbsp;<strong>www.aqassociats.com<\/strong><\/p>\n\n\n\n<p class=\"gb-headline gb-headline-054329e3 gb-headline-text\">Denominaci\u00f3n social\/Nombre:&nbsp;<strong>Gestor\u00eda Administrativa AQ associats<\/strong><\/p>\n\n\n\n<p class=\"gb-headline gb-headline-d65e4c38 gb-headline-text\">NIF:&nbsp;<strong>46058800N<\/strong><\/p>\n\n\n\n<p class=\"gb-headline gb-headline-77e1f943 gb-headline-text\">Domicilio social\/Domicilio:&nbsp;<strong>Calle August, 5 1\u00ba3\u00aa. 43001 Tarragona<\/strong><\/p>\n\n\n\n<p class=\"gb-headline gb-headline-34d9f4a1 gb-headline-text\">Correo electr\u00f3nico de contacto:<strong>info@aqassociats.com<\/strong><\/p>\n\n\n\n<p class=\"gb-headline gb-headline-8a9faf67 gb-headline-text\">N\u00ba de tel\u00e9fono:&nbsp;<strong>877 053 370<\/strong><\/p>\n\n\n\n<p class=\"gb-headline gb-headline-de618f0c gb-headline-text\">Datos de Inscripci\u00f3n en el Registro Mercantil:<\/p>\n\n\n\n<p class=\"gb-headline gb-headline-1acc2333 gb-headline-text\">Sociedad inscrita en el Registro Mercantil de \u2026 en el tomo \u2026 , folio \u2026, hoja \u2026, inscripci\u00f3n \u2026<\/p>\n\n<\/div>\n\n<div class=\"gb-container gb-container-18172b8a\">\n\n<figure class=\"gb-block-image gb-block-image-ba28452c\"><img decoding=\"async\" width=\"750\" height=\"370\" class=\"gb-image gb-image-ba28452c lazyload\" data-src=\"https:\/\/www.aqassociats.com\/wp-content\/uploads\/2022\/10\/Post-9.png\" alt=\"\" data-srcset=\"https:\/\/www.aqassociats.com\/wp-content\/uploads\/2022\/10\/Post-9.png 750w, https:\/\/www.aqassociats.com\/wp-content\/uploads\/2022\/10\/Post-9-300x148.png 300w\" data-sizes=\"(max-width: 750px) 100vw, 750px\" src=\"data:image\/svg+xml;base64,PHN2ZyB3aWR0aD0iMSIgaGVpZ2h0PSIxIiB4bWxucz0iaHR0cDovL3d3dy53My5vcmcvMjAwMC9zdmciPjwvc3ZnPg==\" style=\"--smush-placeholder-width: 750px; --smush-placeholder-aspect-ratio: 750\/370;\" \/><\/figure>\n\n<\/div>\n<\/div>\n\n<div class=\"gb-container gb-container-9e517c8f\">\n<div class=\"gb-container gb-container-00cd7858\">\n\n<h3 class=\"gb-headline gb-headline-6468fdb9 gb-headline-text\">2. Objeto<\/h3>\n\n\n\n<p class=\"gb-headline gb-headline-42eb9302 gb-headline-text\">Este aviso legal tiene por objeto establecer las condiciones generales que regulan el acceso y uso general del presente sitio web por parte de todos los usuarios, de manera que el acceso y el uso del mismo implica necesariamente el sometimiento y aceptaci\u00f3n de las condiciones generales incluidas en este Aviso Legal.<\/p>\n\n\n\n<p class=\"gb-headline gb-headline-ebc9da22 gb-headline-text\">Por este motivo,&nbsp;<strong>Gestor\u00eda Administrativa AQ associats<\/strong>&nbsp;recomienda que el usuario las lea detenidamente cada vez que quiera entrar y hacer uso de la citada p\u00e1gina web, ya que \u00e9stas pueden sufrir alg\u00fan cambio. En este sentido,&nbsp;<strong>Gestor\u00eda Administrativa AQ associats<\/strong>&nbsp;se reserva la facultad de realizar, en cualquier momento y sin necesidad de previo aviso alguno, cualquier modificaci\u00f3n o actualizaci\u00f3n de los contenidos y servicios, de las presentes condiciones generales de acceso y uso y, en general, de cuantos elementos integren el dise\u00f1o y configuraci\u00f3n del presente sitio web.<\/p>\n\n<\/div>\n<\/div>\n<\/div>\n\n<div class=\"gb-container gb-container-a2bcb02c alignfull\">\n<div class=\"gb-container gb-container-aee54e41\">\n<div class=\"gb-container gb-container-6ca752aa\">\n\n<h3 class=\"gb-headline gb-headline-881378e9 gb-headline-text\">3. Uso<\/h3>\n\n\n\n<p class=\"gb-headline gb-headline-6153ed83 gb-headline-text\">En el caso de que el usuario proceda a su registro para la contrataci\u00f3n o adquisici\u00f3n de un servicio ofrecido en el presente sitio web, el usuario ser\u00e1 responsable de aportar informaci\u00f3n veraz y l\u00edcita. Si como consecuencia del registro, se dotara al usuario de una contrase\u00f1a, \u00e9ste se compromete a hacer un uso diligente y a mantener en secreto la contrase\u00f1a para acceder a estos servicios. En consecuencia, los usuarios son responsables de la adecuada custodia y confidencialidad de cualesquiera identificadores y\/o contrase\u00f1as que, en su caso, le sean suministradas por&nbsp;<strong>Gestor\u00eda Administrativa AQ associats<\/strong>, y se comprometen a no ceder su uso a terceros, ya sea temporal o permanente, ni a permitir su acceso a personas ajenas. Ser\u00e1 responsabilidad del usuario la utilizaci\u00f3n il\u00edcita de los servicios por cualquier tercero ileg\u00edtimo que emplee a tal efecto una contrase\u00f1a a causa de una utilizaci\u00f3n no diligente o de la p\u00e9rdida de la misma por el usuario. En virtud de lo anterior, es obligaci\u00f3n del usuario notificar de forma inmediata a la direcci\u00f3n de contacto de&nbsp;<strong>Gestor\u00eda Administrativa AQ associats<\/strong>acerca de cualquier hecho que permita el uso indebido de los identificadores y\/o contrase\u00f1as, tales como el robo, extrav\u00edo, o el acceso no autorizado a los mismos, con el fin de proceder a su inmediata cancelaci\u00f3n. Mientras no se comuniquen tales hechos,&nbsp;<strong>Gestor\u00eda Administrativa AQ associats<\/strong>quedar\u00e1 eximida de cualquier responsabilidad que pudiera derivarse del uso indebido de los identificadores o contrase\u00f1as por terceros no autorizados.<\/p>\n\n\n\n<p class=\"gb-headline gb-headline-7e4c7a4b gb-headline-text\">La utilizaci\u00f3n del presente sitio web por cualquier persona atribuye la condici\u00f3n de usuario de la misma, el cual acepta que el citado uso es bajo su exclusiva responsabilidad, por lo que el usuario se compromete a observar diligente y fielmente cualquier instrucci\u00f3n adicional impartida por&nbsp;<strong>Gestor\u00eda Administrativa AQ associats<\/strong>o por su personal autorizado relativa al uso del presente sitio web y de sus contenidos.<\/p>\n\n\n\n<p class=\"gb-headline gb-headline-5f82db4b gb-headline-text\">El usuario se compromete a no utilizar la informaci\u00f3n, actividades, productos o servicios que&nbsp;<strong>Gestor\u00eda Administrativa AQ associats<\/strong>pone a su disposici\u00f3n para desarrollar actividades contrarias a las leyes, a la moral o al orden p\u00fablico y, en general, a hacer un uso conforme a las presentes condiciones generales. Por tanto, el usuario se obliga a usar los contenidos de forma diligente, correcta y l\u00edcita y, en particular, se compromete a abstenerse de:<\/p>\n\n\n\n<ol style=\"list-style-type:lower-roman\" class=\"has-contrast-color has-text-color has-link-color wp-block-list wp-elements-ec5153310bf1c145c5ee1cfccbf43274\">\n<li style=\"font-size:16px\">Utilizar los contenidos con fines o efectos contrarios a la ley, a la moral y a las buenas costumbres generalmente aceptadas o al orden p\u00fablico.<\/li>\n\n\n\n<li>Reproducir o copiar, distribuir, permitir el acceso del p\u00fablico a trav\u00e9s de cualquier modalidad de comunicaci\u00f3n p\u00fablica, transformar o modificar los contenidos, a menos que se cuente con la autorizaci\u00f3n del titular de los correspondientes derechos o ello resulte legalmente permitido.<\/li>\n\n\n\n<li>Emplear los contenidos y, en particular, la informaci\u00f3n de cualquier clase obtenida a trav\u00e9s de la p\u00e1gina o de los servicios para remitir publicidad, comunicaciones con fines de venta directa o con cualquier otra clase de finalidad comercial, mensajes no solicitados dirigidos a una pluralidad de personas con independencia de su finalidad, as\u00ed como a abstenerse de comercializar o divulgar de cualquier modo dicha informaci\u00f3n.<\/li>\n<\/ol>\n\n\n\n<p class=\"gb-headline gb-headline-845a2164 gb-headline-text\">En cualquier caso,&nbsp;<strong>Gestor\u00eda Administrativa AQ associats<\/strong> no se responsabiliza de los da\u00f1os y perjuicios que puedan sufrir los equipos inform\u00e1ticos del usuario porque \u00e9ste haya accedido al portal o lo haya utilizado de forma indebida o negligente.<\/p>\n\n<\/div>\n<\/div>\n\n<div class=\"gb-container gb-container-90b09872\">\n<div class=\"gb-container gb-container-ea00ea48\">\n\n<h3 class=\"gb-headline gb-headline-0c113633 gb-headline-text\">4. Propiedad intelectual<\/h3>\n\n\n\n<p class=\"gb-headline gb-headline-32ff294e gb-headline-text\">Todos los contenidos de la p\u00e1gina web, entendiendo por estos a t\u00edtulo meramente enunciativo los textos, im\u00e1genes, gr\u00e1ficos, im\u00e1genes, iconos, tecnolog\u00eda, software, enlaces y dem\u00e1s contenidos audiovisuales o sonoros, as\u00ed como su dise\u00f1o gr\u00e1fico y c\u00f3digos fuente (en adelante, \u201clos CONTENIDOS\u201d), son propiedad intelectual e industrial de&nbsp;<strong>Gestor\u00eda Administrativa AQ associats<\/strong>&nbsp;o en su caso, de terceros. Del mismo modo, las marcas, nombres comerciales o signos distintivos son titularidad exclusiva de&nbsp;<strong>Gestor\u00eda Administrativa AQ associats<\/strong>&nbsp;o, en su caso, de terceros.<\/p>\n\n\n\n<p class=\"gb-headline gb-headline-ff7b66d8 gb-headline-text\">Queda prohibida la reproducci\u00f3n, transformaci\u00f3n, distribuci\u00f3n, comunicaci\u00f3n p\u00fablica, puesta a disposici\u00f3n interactiva, extracci\u00f3n, reutilizaci\u00f3n, reenv\u00edo o la utilizaci\u00f3n de cualquier naturaleza, por cualquier medio o procedimiento, de cualquiera de los CONTENIDOS, salvo en los casos en que est\u00e9 legalmente permitido o sea autorizado expresamente y por escrito por el titular de los correspondientes derechos.&nbsp;<strong>Gestor\u00eda Administrativa AQ associats<\/strong>&nbsp;se reserva el uso de acciones judiciales civiles y\/o penales contra aquellas personas f\u00edsicas o jur\u00eddicas y sus representantes que violen cualquiera de los citados derechos de propiedad industrial e intelectual.<\/p>\n\n\n\n<p class=\"gb-headline gb-headline-6c0caa38 gb-headline-text\">Gestor\u00eda Administrativa AQ associats se compromete a cumplir las condiciones mencionadas anteriormente para garantizar el uso correcto del contenido del sitio web, ejerciendo cualquier acci\u00f3n civil o penal necesaria en el caso de infracci\u00f3n o incumplimiento de estos derechos por parte del usuario.<\/p>\n\n<\/div>\n<\/div>\n\n<div class=\"gb-container gb-container-ab5b35ef\">\n<div class=\"gb-container gb-container-3832b00f\">\n\n<h3 class=\"gb-headline gb-headline-30767d4b gb-headline-text\">5. Enlaces al propio portal<\/h3>\n\n\n\n<p class=\"gb-headline gb-headline-b48b17e1 gb-headline-text\">El usuario que quiera introducir un enlace desde su propia p\u00e1gina web al presente portal deber\u00e1 estar previamente autorizado y por escrito por parte de&nbsp;<strong>Gestor\u00eda Administrativa AQ associats<\/strong>.&nbsp;<\/p>\n\n<\/div>\n<\/div>\n\n<div class=\"gb-container gb-container-591b57f8\">\n<div class=\"gb-container gb-container-0330c33d\">\n\n<h3 class=\"gb-headline gb-headline-704f690e gb-headline-text\">6. Responsabilidades y garant\u00edas<\/h3>\n\n\n\n<p class=\"gb-headline gb-headline-fbd81f0c gb-headline-text\"><strong>Gestor\u00eda Administrativa AQ associats<\/strong>&nbsp;no garantiza la licitud, fiabilidad, utilidad, veracidad o exactitud de los servicios o de la informaci\u00f3n que se presten a trav\u00e9s del presente sitio web.<\/p>\n\n\n\n<p class=\"gb-headline gb-headline-f25985af gb-headline-text\">En consecuencia,&nbsp;<strong>Gestor\u00eda Administrativa AQ associats<\/strong>&nbsp;no garantiza ni se hace responsable de:<\/p>\n\n\n\n<ol style=\"list-style-type:lower-roman\" class=\"has-contrast-color has-text-color has-link-color wp-block-list wp-elements-7e76f469bd81c2d63ee50d702fb15d73\">\n<li>La continuidad de los contenidos del presente sitio web.<\/li>\n\n\n\n<li>La ausencia de errores en dichos contenidos ni la correcci\u00f3n de cualquier defecto que pudiera ocurrir.<\/li>\n\n\n\n<li>La ausencia de virus y\/o dem\u00e1s componentes da\u00f1inos en el presente sitio web o en el servidor que lo alberga.<\/li>\n\n\n\n<li>La invulnerabilidad del presente sitio web y\/o la inexpugnabilidad de las medidas de seguridad que se adopten en el mismo.<\/li>\n\n\n\n<li>La falta de utilidad o rendimiento de los contenidos del presente sitio web.<\/li>\n\n\n\n<li>Los da\u00f1os o perjuicios que cause, a s\u00ed mismo o a un tercero, cualquier persona que infringiera las condiciones, normas e instrucciones que&nbsp;<strong>Gestor\u00eda Administrativa AQ associats<\/strong>&nbsp;establece en el presente sitio web o a trav\u00e9s de la vulneraci\u00f3n de los sistemas de seguridad de&nbsp;<strong>Gestor\u00eda Administrativa AQ associats<\/strong>.<\/li>\n<\/ol>\n\n\n\n<p class=\"gb-headline gb-headline-1e86d2b2 gb-headline-text\">No obstante,&nbsp;<strong>Gestor\u00eda Administrativa AQ associats<\/strong>&nbsp;declara que ha adoptado todas las medidas necesarias, dentro de sus posibilidades y del estado de la tecnolog\u00eda, para garantizar el funcionamiento del presente sitio web y evitar la existencia y transmisi\u00f3n de virus y dem\u00e1s componentes da\u00f1inos a los usuarios. En cualquier caso,&nbsp;<strong>Gestor\u00eda Administrativa AQ associats<\/strong>&nbsp;no se responsabiliza de los da\u00f1os y perjuicios que puedan sufrir los equipos inform\u00e1ticos del usuario porque \u00e9ste haya accedido al portal o la haya utilizado de forma indebida o negligente.<\/p>\n\n<\/div>\n<\/div>\n\n<div class=\"gb-container gb-container-5be7ff3d\">\n<div class=\"gb-container gb-container-af75d428\">\n\n<h3 class=\"gb-headline gb-headline-39e975c3 gb-headline-text\">7. Legislaci\u00f3n y jurisdicci\u00f3n aplicable<\/h3>\n\n\n\n<p class=\"gb-headline gb-headline-914b283f gb-headline-text\">Las relaciones establecidas entre&nbsp;<strong>Gestor\u00eda Administrativa AQ associats<\/strong>&nbsp;y el usuario se regir\u00e1n por lo dispuesto en la normativa vigente acerca de la legislaci\u00f3n aplicable y la jurisdicci\u00f3n competente. La ley espa\u00f1ola ser\u00e1 la \u00fanica aplicable. Para los casos en los que la normativa prevea la posibilidad a las partes de someterse expresamente a un fuero,&nbsp;<strong>Gestor\u00eda Administrativa AQ associats<\/strong>&nbsp;y el usuario, con renuncia expresa a cualquier otro fuero que pudiera corresponderles, se someten a los juzgados y tribunales de la ciudad de Tarragona.<\/p>\n\n<\/div>\n<\/div>\n<\/div>\n\n<div class=\"gb-container gb-container-7c32ac0d alignfull\">\n<div class=\"gb-container gb-container-1d24d1fd alignfull\">\n<div class=\"gb-container gb-container-7dcd177e alignfull\"><div class=\"gb-shapes\"><div class=\"gb-shape gb-shape-1\"><svg xmlns=\"http:\/\/www.w3.org\/2000\/svg\" viewBox=\"0 0 1200 96.2\" preserveAspectRatio=\"none\"><path d=\"M0 96.2h1200V72.9l-50-8.9c-50-8.6-150-26.9-250-22.2C800 46.2 700 72.9 600 64 500 55.4 400 10.4 300 1.8 200-7.1 100 19.5 50 32.9L0 46.2v50z\"\/><\/svg><\/div><\/div><\/div>\n\n<div class=\"gb-container gb-container-2b840493\">\n<div class=\"gb-container gb-container-c822d45a\">\n\n<h1 class=\"gb-headline gb-headline-30f6971e gb-headline-text\">Necessites Una Gestoria A Tarragona?<\/h1>\n\n\n\n<h3 class=\"gb-headline gb-headline-543849a8 gb-headline-text\">No Ho Dubtis M\u00e9s I Contacta Amb Nosaltres<\/h3>\n\n\n\n<a class=\"gb-button gb-button-f1b18d91\" href=\"https:\/\/www.aqassociats.com\/ca\/contacta\/\"><span class=\"gb-button-text\">Contacta<\/span><span class=\"gb-icon\"><svg aria-hidden=\"true\" role=\"img\" height=\"1em\" width=\"1em\" viewBox=\"0 0 256 512\" xmlns=\"http:\/\/www.w3.org\/2000\/svg\"><path fill=\"currentColor\" d=\"M224.3 273l-136 136c-9.4 9.4-24.6 9.4-33.9 0l-22.6-22.6c-9.4-9.4-9.4-24.6 0-33.9l96.4-96.4-96.4-96.4c-9.4-9.4-9.4-24.6 0-33.9L54.3 103c9.4-9.4 24.6-9.4 33.9 0l136 136c9.5 9.4 9.5 24.6.1 34z\"><\/path><\/svg><\/span><\/a>\n\n<\/div>\n\n<div class=\"gb-container gb-container-bd5a1d4c\">\n\n<figure class=\"gb-block-image gb-block-image-4ba22f1c\"><img decoding=\"async\" width=\"539\" height=\"539\" class=\"gb-image gb-image-4ba22f1c lazyload\" data-src=\"https:\/\/www.aqassociats.com\/wp-content\/uploads\/2022\/10\/logo-wall.jpg\" alt=\"\" title=\"Logo AQ Associats Wall\" data-srcset=\"https:\/\/www.aqassociats.com\/wp-content\/uploads\/2022\/10\/logo-wall.jpg 539w, https:\/\/www.aqassociats.com\/wp-content\/uploads\/2022\/10\/logo-wall-300x300.jpg 300w, https:\/\/www.aqassociats.com\/wp-content\/uploads\/2022\/10\/logo-wall-150x150.jpg 150w, https:\/\/www.aqassociats.com\/wp-content\/uploads\/2022\/10\/logo-wall-12x12.jpg 12w\" data-sizes=\"(max-width: 539px) 100vw, 539px\" src=\"data:image\/svg+xml;base64,PHN2ZyB3aWR0aD0iMSIgaGVpZ2h0PSIxIiB4bWxucz0iaHR0cDovL3d3dy53My5vcmcvMjAwMC9zdmciPjwvc3ZnPg==\" style=\"--smush-placeholder-width: 539px; --smush-placeholder-aspect-ratio: 539\/539;\" \/><\/figure>\n\n<\/div>\n<\/div>\n<\/div>\n<\/div>","protected":false},"excerpt":{"rendered":"<p>Av\u00eds Legal Informaci\u00f3n Actualizada y de calidad 1. Datos de la Empresa www.aqassociats.com&nbsp;es un producto de&nbsp;Gestor\u00eda Administrativa AQ associats. En cumplimiento del art\u00edculo 10 de la Ley 34\/2002, de 11 de julio, de Servicios de la Sociedad de la Informaci\u00f3n y Comercio Electr\u00f3nico (LSSI), a continuaci\u00f3n se exponen los datos identificativos del responsable del presente &#8230; <a title=\"Av\u00eds Legal\" class=\"read-more\" href=\"https:\/\/www.aqassociats.com\/ca\/avis-legal\/\" aria-label=\"M\u00e9s informaci\u00f3 sobre Av\u00eds Legal\">Read more<\/a><\/p>\n","protected":false},"author":2,"featured_media":0,"parent":0,"menu_order":0,"comment_status":"closed","ping_status":"closed","template":"","meta":{"footnotes":""},"class_list":["post-3166","page","type-page","status-publish"],"_links":{"self":[{"href":"https:\/\/www.aqassociats.com\/ca\/wp-json\/wp\/v2\/pages\/3166","targetHints":{"allow":["GET"]}}],"collection":[{"href":"https:\/\/www.aqassociats.com\/ca\/wp-json\/wp\/v2\/pages"}],"about":[{"href":"https:\/\/www.aqassociats.com\/ca\/wp-json\/wp\/v2\/types\/page"}],"author":[{"embeddable":true,"href":"https:\/\/www.aqassociats.com\/ca\/wp-json\/wp\/v2\/users\/2"}],"replies":[{"embeddable":true,"href":"https:\/\/www.aqassociats.com\/ca\/wp-json\/wp\/v2\/comments?post=3166"}],"version-history":[{"count":0,"href":"https:\/\/www.aqassociats.com\/ca\/wp-json\/wp\/v2\/pages\/3166\/revisions"}],"wp:attachment":[{"href":"https:\/\/www.aqassociats.com\/ca\/wp-json\/wp\/v2\/media?parent=3166"}],"curies":[{"name":"wp","href":"https:\/\/api.w.org\/{rel}","templated":true}]}}